{"id":988654,"date":"2025-10-24T16:06:31","date_gmt":"2025-10-24T16:06:31","guid":{"rendered":"https:\/\/valgroupmaquinas.sinnapse.com.br\/?page_id=988654"},"modified":"2026-02-13T16:12:25","modified_gmt":"2026-02-13T16:12:25","slug":"hp88-basic","status":"publish","type":"page","link":"https:\/\/maquinas.valgroupco.com\/es\/solucoes\/hp88-basic\/","title":{"rendered":"HP88 B\u00e1sico"},"content":{"rendered":"<div data-elementor-type=\"wp-page\" data-elementor-id=\"988654\" class=\"elementor elementor-988654\" data-elementor-post-type=\"page\">\n\t\t\t\t<div class=\"elementor-element elementor-element-78560e9a elementor-hidden-mobile elementor-hidden-tablet e-flex e-con-boxed e-con e-parent\" data-id=\"78560e9a\" data-element_type=\"container\" data-e-type=\"container\">\n\t\t\t\t\t<div class=\"e-con-inner\">\n\t\t\t\t<div class=\"elementor-element elementor-element-5754d595 elementor-hidden-mobile elementor-widget-divider--view-line elementor-widget elementor-widget-divider\" data-id=\"5754d595\" data-element_type=\"widget\" data-e-type=\"widget\" data-widget_type=\"divider.default\">\n\t\t\t\t\t\t\t<div class=\"elementor-divider\">\n\t\t\t<span class=\"elementor-divider-separator\">\n\t\t\t\t\t\t<\/span>\n\t\t<\/div>\n\t\t\t\t\t\t<\/div>\n\t\t\t\t\t<\/div>\n\t\t\t\t<\/div>\n\t\t<div class=\"elementor-element elementor-element-299cc200 e-flex e-con-boxed e-con e-parent\" data-id=\"299cc200\" data-element_type=\"container\" data-e-type=\"container\">\n\t\t\t\t\t<div class=\"e-con-inner\">\n\t\t<div class=\"elementor-element elementor-element-7b7cca11 e-con-full e-flex e-con e-child\" data-id=\"7b7cca11\" data-element_type=\"container\" data-e-type=\"container\">\n\t\t<div class=\"elementor-element elementor-element-2817c06a e-con-full e-flex e-con e-child\" data-id=\"2817c06a\" data-element_type=\"container\" data-e-type=\"container\">\n\t\t\t\t<div class=\"elementor-element elementor-element-a2a3f41 elementor-invisible elementor-widget__width-initial animated-fast elementor-widget elementor-widget-heading\" data-id=\"a2a3f41\" data-element_type=\"widget\" data-e-type=\"widget\" data-settings=\"{&quot;_animation&quot;:&quot;fadeIn&quot;}\" data-widget_type=\"heading.default\">\n\t\t\t\t\t<h2 class=\"elementor-heading-title elementor-size-default\">M\u00e1quina<br>Semiautom\u00e1tico<br><span class=\"color-accent-4\">HP88 B\u00e1sico<\/span><\/h2>\t\t\t\t<\/div>\n\t\t\t\t<div class=\"elementor-element elementor-element-51b619e9 elementor-invisible animated-fast elementor-widget-tablet__width-inherit elementor-widget elementor-widget-text-editor\" data-id=\"51b619e9\" data-element_type=\"widget\" data-e-type=\"widget\" data-settings=\"{&quot;_animation&quot;:&quot;fadeIn&quot;,&quot;_animation_delay&quot;:0}\" data-widget_type=\"text-editor.default\">\n\t\t\t\t\t\t\t\t\t<p>Equipada con un sistema de estiramiento de freno mec\u00e1nico y un panel HMI f\u00e1cil de usar, la HP88 Basic se recomienda para aquellos que buscan reemplazar la aplicaci\u00f3n manual de pel\u00edcula con un m\u00e9todo de aplicaci\u00f3n simple y estandarizado.<\/p>\t\t\t\t\t\t\t\t<\/div>\n\t\t\t\t<div class=\"vamtam-has-theme-widget-styles elementor-element elementor-element-8b4d1e2 elementor-invisible animated-fast elementor-align-left elementor-widget elementor-widget-button\" data-id=\"8b4d1e2\" data-element_type=\"widget\" data-e-type=\"widget\" data-settings=\"{&quot;_animation_delay&quot;:50,&quot;_animation&quot;:&quot;slideInUp&quot;}\" data-widget_type=\"button.default\">\n\t\t\t\t\t\t\t\t\t\t<a class=\"elementor-button elementor-button-link elementor-size-sm\" href=\"https:\/\/maquinas.valgroupco.com\/wp-content\/uploads\/2025\/10\/HP88-Basic.pdf\" target=\"_blank\">\n\t\t\t\t\t\t<span class=\"elementor-button-content-wrapper\">\n\t\t\t\t\t\t\t\t\t<span class=\"elementor-button-text\">Especificaciones t\u00e9cnicas<\/span>\n\t\t\t\t\t<\/span>\n\t\t\t\t\t<\/a>\n\t\t\t\t\t\t\t\t<\/div>\n\t\t\t\t<\/div>\n\t\t<div class=\"elementor-element elementor-element-4cc478d e-con-full animated-fast e-flex e-con e-child\" data-id=\"4cc478d\" data-element_type=\"container\" data-e-type=\"container\" data-settings=\"{&quot;animation&quot;:&quot;none&quot;,&quot;animation_delay&quot;:0}\">\n\t\t\t\t<div class=\"elementor-element elementor-element-a0e88fc elementor-widget elementor-widget-image\" data-id=\"a0e88fc\" data-element_type=\"widget\" data-e-type=\"widget\" data-widget_type=\"image.default\">\n\t\t\t\t\t\t\t\t\t\t\t\t\t\t\t<img fetchpriority=\"high\" decoding=\"async\" width=\"961\" height=\"1024\" src=\"https:\/\/maquinas.valgroupco.com\/wp-content\/uploads\/2025\/11\/HP88_BASIC-961x1024.png\" class=\"attachment-large size-large wp-image-989541\" alt=\"\" srcset=\"https:\/\/maquinas.valgroupco.com\/wp-content\/uploads\/2025\/11\/HP88_BASIC-961x1024.png 961w, https:\/\/maquinas.valgroupco.com\/wp-content\/uploads\/2025\/11\/HP88_BASIC-282x300.png 282w, https:\/\/maquinas.valgroupco.com\/wp-content\/uploads\/2025\/11\/HP88_BASIC-768x818.png 768w, https:\/\/maquinas.valgroupco.com\/wp-content\/uploads\/2025\/11\/HP88_BASIC-1442x1536.png 1442w, https:\/\/maquinas.valgroupco.com\/wp-content\/uploads\/2025\/11\/HP88_BASIC-1923x2048.png 1923w\" sizes=\"(max-width: 961px) 100vw, 961px\" \/>\t\t\t\t\t\t\t\t\t\t\t\t\t\t\t<\/div>\n\t\t\t\t<\/div>\n\t\t\t\t<\/div>\n\t\t\t\t\t<\/div>\n\t\t\t\t<\/div>\n\t\t<div class=\"elementor-element elementor-element-300f2f7d e-con-full e-flex e-con e-parent\" data-id=\"300f2f7d\" data-element_type=\"container\" data-e-type=\"container\">\n\t\t<div class=\"elementor-element elementor-element-5da01745 e-flex e-con-boxed e-con e-child\" data-id=\"5da01745\" data-element_type=\"container\" data-e-type=\"container\" data-settings=\"{&quot;background_background&quot;:&quot;gradient&quot;}\">\n\t\t\t\t\t<div class=\"e-con-inner\">\n\t\t<div class=\"elementor-element elementor-element-0d266c9 e-con-full e-flex e-con e-child\" data-id=\"0d266c9\" data-element_type=\"container\" data-e-type=\"container\" data-settings=\"{&quot;background_background&quot;:&quot;classic&quot;}\">\n\t\t\t\t<div class=\"elementor-element elementor-element-fedce21 elementor-widget elementor-widget-menu-anchor\" data-id=\"fedce21\" data-element_type=\"widget\" data-e-type=\"widget\" data-widget_type=\"menu-anchor.default\">\n\t\t\t\t\t\t\t<div class=\"elementor-menu-anchor\" id=\"contato\"><\/div>\n\t\t\t\t\t\t<\/div>\n\t\t\t\t<div class=\"elementor-element elementor-element-d314984 elementor-invisible elementor-widget__width-auto animated-fast elementor-widget elementor-widget-heading\" data-id=\"d314984\" data-element_type=\"widget\" data-e-type=\"widget\" data-settings=\"{&quot;_animation&quot;:&quot;fadeIn&quot;}\" data-widget_type=\"heading.default\">\n\t\t\t\t\t<div class=\"elementor-heading-title elementor-size-default\">Contacto<\/div>\t\t\t\t<\/div>\n\t\t\t\t<div class=\"elementor-element elementor-element-34ba483 elementor-invisible animated-fast elementor-widget__width-initial elementor-widget elementor-widget-heading\" data-id=\"34ba483\" data-element_type=\"widget\" data-e-type=\"widget\" data-settings=\"{&quot;_animation&quot;:&quot;fadeIn&quot;}\" data-widget_type=\"heading.default\">\n\t\t\t\t\t<h2 class=\"elementor-heading-title elementor-size-default\">Ingresar <span class=\"color-accent-4\">contacto<\/span><\/h2>\t\t\t\t<\/div>\n\t\t\t\t<div class=\"elementor-element elementor-element-4113cb4 elementor-widget__width-initial elementor-widget elementor-widget-heading\" data-id=\"4113cb4\" data-element_type=\"widget\" data-e-type=\"widget\" data-widget_type=\"heading.default\">\n\t\t\t\t\t<span class=\"elementor-heading-title elementor-size-default\">Hable con nuestro equipo de expertos para que podamos ofrecerle la mejor soluci\u00f3n para su operaci\u00f3n.<\/span>\t\t\t\t<\/div>\n\t\t\t\t<div class=\"vamtam-has-theme-widget-styles elementor-element elementor-element-8517f85 elementor-invisible elementor-widget__width-initial animated-fast elementor-button-align-start elementor-widget elementor-widget-global elementor-global-989932 elementor-widget-form\" data-id=\"8517f85\" data-element_type=\"widget\" data-e-type=\"widget\" data-settings=\"{&quot;step_next_label&quot;:&quot;Next&quot;,&quot;step_previous_label&quot;:&quot;Previous&quot;,&quot;_animation&quot;:&quot;fadeIn&quot;,&quot;_animation_delay&quot;:50,&quot;button_width&quot;:&quot;100&quot;,&quot;step_type&quot;:&quot;number_text&quot;,&quot;step_icon_shape&quot;:&quot;circle&quot;}\" data-widget_type=\"form.default\">\n\t\t\t\t\t\t\t<form class=\"elementor-form\" method=\"post\" name=\"Subscribe Form\" aria-label=\"Formulario de suscripci\u00f3n\" action=\"\">\n\t\t\t<input type=\"hidden\" name=\"post_id\" value=\"988654\"\/>\n\t\t\t<input type=\"hidden\" name=\"form_id\" value=\"8517f85\"\/>\n\t\t\t<input type=\"hidden\" name=\"referer_title\" value=\"Valgroup &#8211; M\u00e1quinas\" \/>\n\n\t\t\t\n\t\t\t<div class=\"elementor-form-fields-wrapper elementor-labels-\">\n\t\t\t\t\t\t\t\t<div class=\"elementor-field-type-text elementor-field-group elementor-column elementor-field-group-nome elementor-col-50\">\n\t\t\t\t\t\t\t\t\t\t\t\t<label for=\"form-field-nome\" class=\"elementor-field-label elementor-screen-only\">\n\t\t\t\t\t\t\t\tNombre\t\t\t\t\t\t\t<\/label>\n\t\t\t\t\t\t\t\t\t\t\t\t\t\t<input size=\"1\" type=\"text\" name=\"form_fields[nome]\" id=\"form-field-nome\" class=\"elementor-field elementor-size-sm  elementor-field-textual\" placeholder=\"Nombre\">\n\t\t\t\t\t\t\t\t\t\t\t<\/div>\n\t\t\t\t\t\t\t\t<div class=\"elementor-field-type-email elementor-field-group elementor-column elementor-field-group-email elementor-col-50 elementor-field-required\">\n\t\t\t\t\t\t\t\t\t\t\t\t<label for=\"form-field-email\" class=\"elementor-field-label elementor-screen-only\">\n\t\t\t\t\t\t\t\tCorreo electr\u00f3nico\t\t\t\t\t\t\t<\/label>\n\t\t\t\t\t\t\t\t\t\t\t\t\t\t<input size=\"1\" type=\"email\" name=\"form_fields[email]\" id=\"form-field-email\" class=\"elementor-field elementor-size-sm  elementor-field-textual\" placeholder=\"Correo electr\u00f3nico\" required=\"required\">\n\t\t\t\t\t\t\t\t\t\t\t<\/div>\n\t\t\t\t\t\t\t\t<div class=\"elementor-field-type-text elementor-field-group elementor-column elementor-field-group-celular elementor-col-50 elementor-field-required\">\n\t\t\t\t\t\t\t\t\t\t\t\t<label for=\"form-field-celular\" class=\"elementor-field-label elementor-screen-only\">\n\t\t\t\t\t\t\t\tTel\u00e9fono m\u00f3vil\t\t\t\t\t\t\t<\/label>\n\t\t\t\t\t\t\t\t\t\t\t\t\t\t<input size=\"1\" type=\"text\" name=\"form_fields[celular]\" id=\"form-field-celular\" class=\"elementor-field elementor-size-sm  elementor-field-textual\" placeholder=\"Tel\u00e9fono m\u00f3vil\" required=\"required\">\n\t\t\t\t\t\t\t\t\t\t\t<\/div>\n\t\t\t\t\t\t\t\t<div class=\"elementor-field-type-text elementor-field-group elementor-column elementor-field-group-empresa elementor-col-50 elementor-field-required\">\n\t\t\t\t\t\t\t\t\t\t\t\t<label for=\"form-field-empresa\" class=\"elementor-field-label elementor-screen-only\">\n\t\t\t\t\t\t\t\tEmpresa\t\t\t\t\t\t\t<\/label>\n\t\t\t\t\t\t\t\t\t\t\t\t\t\t<input size=\"1\" type=\"text\" name=\"form_fields[empresa]\" id=\"form-field-empresa\" class=\"elementor-field elementor-size-sm  elementor-field-textual\" placeholder=\"Empresa\" required=\"required\">\n\t\t\t\t\t\t\t\t\t\t\t<\/div>\n\t\t\t\t\t\t\t\t<div class=\"elementor-field-type-text elementor-field-group elementor-column elementor-field-group-cargo elementor-col-50 elementor-field-required\">\n\t\t\t\t\t\t\t\t\t\t\t\t<label for=\"form-field-cargo\" class=\"elementor-field-label elementor-screen-only\">\n\t\t\t\t\t\t\t\tPosici\u00f3n\t\t\t\t\t\t\t<\/label>\n\t\t\t\t\t\t\t\t\t\t\t\t\t\t<input size=\"1\" type=\"text\" name=\"form_fields[cargo]\" id=\"form-field-cargo\" class=\"elementor-field elementor-size-sm  elementor-field-textual\" placeholder=\"Posici\u00f3n\" required=\"required\">\n\t\t\t\t\t\t\t\t\t\t\t<\/div>\n\t\t\t\t\t\t\t\t<div class=\"elementor-field-type-number elementor-field-group elementor-column elementor-field-group-funcionarios elementor-col-50 elementor-field-required\">\n\t\t\t\t\t\t\t\t\t\t\t\t<label for=\"form-field-funcionarios\" class=\"elementor-field-label elementor-screen-only\">\n\t\t\t\t\t\t\t\tN\u00famero de empleados\t\t\t\t\t\t\t<\/label>\n\t\t\t\t\t\t\t\t\t<input type=\"number\" name=\"form_fields[funcionarios]\" id=\"form-field-funcionarios\" class=\"elementor-field elementor-size-sm  elementor-field-textual\" placeholder=\"N\u00famero de empleados\" required=\"required\" min=\"\" max=\"\" >\n\t\t\t\t\t\t<\/div>\n\t\t\t\t\t\t\t\t<div class=\"elementor-field-type-textarea elementor-field-group elementor-column elementor-field-group-comentarios elementor-col-100\">\n\t\t\t\t\t\t\t\t\t\t\t\t<label for=\"form-field-comentarios\" class=\"elementor-field-label elementor-screen-only\">\n\t\t\t\t\t\t\t\tComentarios\t\t\t\t\t\t\t<\/label>\n\t\t\t\t\t\t<textarea class=\"elementor-field-textual elementor-field  elementor-size-sm\" name=\"form_fields[comentarios]\" id=\"form-field-comentarios\" rows=\"4\" placeholder=\"Comentarios adicionales\"><\/textarea>\t\t\t\t<\/div>\n\t\t\t\t\t\t\t\t<div class=\"elementor-field-group elementor-column elementor-field-type-submit elementor-col-100 e-form__buttons\">\n\t\t\t\t\t<button class=\"elementor-button elementor-size-sm\" type=\"submit\">\n\t\t\t\t\t\t<span class=\"elementor-button-content-wrapper\">\n\t\t\t\t\t\t\t\t\t\t\t\t\t\t\t\t\t\t\t\t\t\t<span class=\"elementor-button-text\">Para enviar<\/span>\n\t\t\t\t\t\t\t\t\t\t\t\t\t<\/span>\n\t\t\t\t\t<\/button>\n\t\t\t\t<\/div>\n\t\t\t<\/div>\n\t\t<input type=\"hidden\" name=\"trp-form-language\" value=\"es\"\/><\/form>\n\t\t\t\t\t\t<\/div>\n\t\t\t\t<\/div>\n\t\t<div class=\"elementor-element elementor-element-dde14eb e-con-full e-flex e-con e-child\" data-id=\"dde14eb\" data-element_type=\"container\" data-e-type=\"container\" data-settings=\"{&quot;background_background&quot;:&quot;classic&quot;}\">\n\t\t<div class=\"elementor-element elementor-element-8b18b90 e-con-full blur-background e-flex e-con e-child\" data-id=\"8b18b90\" data-element_type=\"container\" data-e-type=\"container\" data-settings=\"{&quot;background_background&quot;:&quot;classic&quot;}\">\n\t\t\t\t<div class=\"vamtam-has-theme-widget-styles elementor-element elementor-element-681fec7 elementor-widget__width-initial elementor-widget-tablet__width-auto elementor-view-stacked elementor-shape-circle elementor-widget elementor-widget-icon\" data-id=\"681fec7\" data-element_type=\"widget\" data-e-type=\"widget\" data-settings=\"{&quot;motion_fx_motion_fx_scrolling&quot;:&quot;yes&quot;,&quot;motion_fx_rotateZ_effect&quot;:&quot;yes&quot;,&quot;motion_fx_rotateZ_direction&quot;:&quot;negative&quot;,&quot;motion_fx_rotateZ_affectedRange&quot;:{&quot;unit&quot;:&quot;%&quot;,&quot;size&quot;:&quot;&quot;,&quot;sizes&quot;:{&quot;start&quot;:28,&quot;end&quot;:78}},&quot;motion_fx_devices&quot;:[&quot;desktop&quot;],&quot;motion_fx_rotateZ_speed&quot;:{&quot;unit&quot;:&quot;px&quot;,&quot;size&quot;:1,&quot;sizes&quot;:[]}}\" data-widget_type=\"icon.default\">\n\t\t\t\t\t\t\t<div class=\"elementor-icon-wrapper\">\n\t\t\t<div class=\"elementor-icon\">\n\t\t\t<i aria-hidden=\"true\" class=\"vamtamtheme- vamtam-theme-phone\"><\/i>\t\t\t<\/div>\n\t\t<\/div>\n\t\t\t\t\t\t<\/div>\n\t\t\t\t<div class=\"elementor-element elementor-element-517ebd6 elementor-widget__width-initial elementor-widget elementor-widget-text-editor\" data-id=\"517ebd6\" data-element_type=\"widget\" data-e-type=\"widget\" data-widget_type=\"text-editor.default\">\n\t\t\t\t\t\t\t\t\t<p>O cont\u00e1ctenos. <span style=\"text-decoration: underline;\"><a href=\"tel:5512991043091\">(12) 99104-3091<\/a><\/span>.<\/p>\t\t\t\t\t\t\t\t<\/div>\n\t\t\t\t<\/div>\n\t\t\t\t<\/div>\n\t\t\t\t\t<\/div>\n\t\t\t\t<\/div>\n\t\t\t\t<\/div>\n\t\t\t\t<\/div>","protected":false},"excerpt":{"rendered":"<p>M\u00e1quinaSemiautom\u00e1ticaHP88 Basic Equipada com sistema de estiramento por freio mec\u00e2nico e painel com IHM de f\u00e1cil utiliza\u00e7\u00e3o, a HP88 Basic \u00e9 recomendada para quem busca substituir a aplica\u00e7\u00e3o manual de filme por uma aplica\u00e7\u00e3o simples e padronizada. Ficha t\u00e9cnica Contato Entre em contato Fale com nosso time de especialistas para oferecermos a melhor solu\u00e7\u00e3o para&#8230;<\/p>","protected":false},"author":1,"featured_media":4396,"parent":988466,"menu_order":0,"comment_status":"closed","ping_status":"closed","template":"elementor_header_footer","meta":{"footnotes":""},"class_list":["post-988654","page","type-page","status-publish","has-post-thumbnail","hentry"],"yoast_head":"<!-- This site is optimized with the Yoast SEO plugin v26.9 - https:\/\/yoast.com\/product\/yoast-seo-wordpress\/ -->\n<title>HP88 Basic | Envolvedora Semiautom\u00e1tica para Paletes<\/title>\n<meta name=\"description\" content=\"A HP88 Basic \u00e9 uma envolvedora semiautom\u00e1tica ideal para substituir a aplica\u00e7\u00e3o manual de filme, garantindo padroniza\u00e7\u00e3o, simplicidade e efici\u00eancia operacional.\" \/>\n<meta name=\"robots\" content=\"index, follow, max-snippet:-1, max-image-preview:large, max-video-preview:-1\" \/>\n<link rel=\"canonical\" href=\"https:\/\/maquinas.valgroupco.com\/es\/solucoes\/hp88-basic\/\" \/>\n<meta property=\"og:locale\" content=\"es_ES\" \/>\n<meta property=\"og:type\" content=\"article\" \/>\n<meta property=\"og:title\" content=\"HP88 Basic | Envolvedora Semiautom\u00e1tica para Paletes\" \/>\n<meta property=\"og:description\" content=\"A HP88 Basic \u00e9 uma envolvedora semiautom\u00e1tica ideal para substituir a aplica\u00e7\u00e3o manual de filme, garantindo padroniza\u00e7\u00e3o, simplicidade e efici\u00eancia operacional.\" \/>\n<meta property=\"og:url\" content=\"https:\/\/maquinas.valgroupco.com\/es\/solucoes\/hp88-basic\/\" \/>\n<meta property=\"og:site_name\" content=\"Valgroup - M\u00e1quinas\" \/>\n<meta property=\"article:modified_time\" content=\"2026-02-13T16:12:25+00:00\" \/>\n<meta property=\"og:image\" content=\"https:\/\/maquinas.valgroupco.com\/wp-content\/uploads\/2025\/03\/gettyimages-1848417745-1024x1024-1.jpg\" \/>\n\t<meta property=\"og:image:width\" content=\"2558\" \/>\n\t<meta property=\"og:image:height\" content=\"1124\" \/>\n\t<meta property=\"og:image:type\" content=\"image\/jpeg\" \/>\n<meta name=\"twitter:card\" content=\"summary_large_image\" \/>\n<meta name=\"twitter:label1\" content=\"Tiempo de lectura\" \/>\n\t<meta name=\"twitter:data1\" content=\"1 minuto\" \/>\n<script type=\"application\/ld+json\" class=\"yoast-schema-graph\">{\"@context\":\"https:\/\/schema.org\",\"@graph\":[{\"@type\":\"WebPage\",\"@id\":\"https:\/\/maquinas.valgroupco.com\/solucoes\/hp88-basic\/\",\"url\":\"https:\/\/maquinas.valgroupco.com\/solucoes\/hp88-basic\/\",\"name\":\"HP88 Basic | Envolvedora Semiautom\u00e1tica para Paletes\",\"isPartOf\":{\"@id\":\"https:\/\/maquinas.valgroupco.com\/#website\"},\"primaryImageOfPage\":{\"@id\":\"https:\/\/maquinas.valgroupco.com\/solucoes\/hp88-basic\/#primaryimage\"},\"image\":{\"@id\":\"https:\/\/maquinas.valgroupco.com\/solucoes\/hp88-basic\/#primaryimage\"},\"thumbnailUrl\":\"https:\/\/maquinas.valgroupco.com\/wp-content\/uploads\/2025\/03\/gettyimages-1848417745-1024x1024-1.jpg\",\"datePublished\":\"2025-10-24T16:06:31+00:00\",\"dateModified\":\"2026-02-13T16:12:25+00:00\",\"description\":\"A HP88 Basic \u00e9 uma envolvedora semiautom\u00e1tica ideal para substituir a aplica\u00e7\u00e3o manual de filme, garantindo padroniza\u00e7\u00e3o, simplicidade e efici\u00eancia operacional.\",\"breadcrumb\":{\"@id\":\"https:\/\/maquinas.valgroupco.com\/solucoes\/hp88-basic\/#breadcrumb\"},\"inLanguage\":\"es\",\"potentialAction\":[{\"@type\":\"ReadAction\",\"target\":[\"https:\/\/maquinas.valgroupco.com\/solucoes\/hp88-basic\/\"]}]},{\"@type\":\"ImageObject\",\"inLanguage\":\"es\",\"@id\":\"https:\/\/maquinas.valgroupco.com\/solucoes\/hp88-basic\/#primaryimage\",\"url\":\"https:\/\/maquinas.valgroupco.com\/wp-content\/uploads\/2025\/03\/gettyimages-1848417745-1024x1024-1.jpg\",\"contentUrl\":\"https:\/\/maquinas.valgroupco.com\/wp-content\/uploads\/2025\/03\/gettyimages-1848417745-1024x1024-1.jpg\",\"width\":2558,\"height\":1124},{\"@type\":\"BreadcrumbList\",\"@id\":\"https:\/\/maquinas.valgroupco.com\/solucoes\/hp88-basic\/#breadcrumb\",\"itemListElement\":[{\"@type\":\"ListItem\",\"position\":1,\"name\":\"Home\",\"item\":\"https:\/\/maquinas.valgroupco.com\/\"},{\"@type\":\"ListItem\",\"position\":2,\"name\":\"Solu\u00e7\u00f5es\",\"item\":\"https:\/\/maquinas.valgroupco.com\/solucoes\/\"},{\"@type\":\"ListItem\",\"position\":3,\"name\":\"HP88 Basic\"}]},{\"@type\":\"WebSite\",\"@id\":\"https:\/\/maquinas.valgroupco.com\/#website\",\"url\":\"https:\/\/maquinas.valgroupco.com\/\",\"name\":\"Valgroup - M\u00e1quinas\",\"description\":\"Maximizando resultados com automa\u00e7\u00f5es inteligentes\",\"publisher\":{\"@id\":\"https:\/\/maquinas.valgroupco.com\/#organization\"},\"potentialAction\":[{\"@type\":\"SearchAction\",\"target\":{\"@type\":\"EntryPoint\",\"urlTemplate\":\"https:\/\/maquinas.valgroupco.com\/?s={search_term_string}\"},\"query-input\":{\"@type\":\"PropertyValueSpecification\",\"valueRequired\":true,\"valueName\":\"search_term_string\"}}],\"inLanguage\":\"es\"},{\"@type\":\"Organization\",\"@id\":\"https:\/\/maquinas.valgroupco.com\/#organization\",\"name\":\"Valgroup - M\u00e1quinas\",\"url\":\"https:\/\/maquinas.valgroupco.com\/\",\"logo\":{\"@type\":\"ImageObject\",\"inLanguage\":\"es\",\"@id\":\"https:\/\/maquinas.valgroupco.com\/#\/schema\/logo\/image\/\",\"url\":\"https:\/\/maquinas.valgroupco.com\/wp-content\/uploads\/2025\/02\/LOGO-VALGROUP-2022-scaled.png\",\"contentUrl\":\"https:\/\/maquinas.valgroupco.com\/wp-content\/uploads\/2025\/02\/LOGO-VALGROUP-2022-scaled.png\",\"width\":2560,\"height\":831,\"caption\":\"Valgroup - M\u00e1quinas\"},\"image\":{\"@id\":\"https:\/\/maquinas.valgroupco.com\/#\/schema\/logo\/image\/\"}}]}<\/script>\n<!-- \/ Yoast SEO plugin. -->","yoast_head_json":{"title":"HP88 Basic | Envolvedora Semiautom\u00e1tica para Paletes","description":"A HP88 Basic \u00e9 uma envolvedora semiautom\u00e1tica ideal para substituir a aplica\u00e7\u00e3o manual de filme, garantindo padroniza\u00e7\u00e3o, simplicidade e efici\u00eancia operacional.","robots":{"index":"index","follow":"follow","max-snippet":"max-snippet:-1","max-image-preview":"max-image-preview:large","max-video-preview":"max-video-preview:-1"},"canonical":"https:\/\/maquinas.valgroupco.com\/es\/solucoes\/hp88-basic\/","og_locale":"es_ES","og_type":"article","og_title":"HP88 Basic | Envolvedora Semiautom\u00e1tica para Paletes","og_description":"A HP88 Basic \u00e9 uma envolvedora semiautom\u00e1tica ideal para substituir a aplica\u00e7\u00e3o manual de filme, garantindo padroniza\u00e7\u00e3o, simplicidade e efici\u00eancia operacional.","og_url":"https:\/\/maquinas.valgroupco.com\/es\/solucoes\/hp88-basic\/","og_site_name":"Valgroup - M\u00e1quinas","article_modified_time":"2026-02-13T16:12:25+00:00","og_image":[{"width":2558,"height":1124,"url":"https:\/\/maquinas.valgroupco.com\/wp-content\/uploads\/2025\/03\/gettyimages-1848417745-1024x1024-1.jpg","type":"image\/jpeg"}],"twitter_card":"summary_large_image","twitter_misc":{"Tiempo de lectura":"1 minuto"},"schema":{"@context":"https:\/\/schema.org","@graph":[{"@type":"WebPage","@id":"https:\/\/maquinas.valgroupco.com\/solucoes\/hp88-basic\/","url":"https:\/\/maquinas.valgroupco.com\/solucoes\/hp88-basic\/","name":"HP88 Basic | Envolvedora Semiautom\u00e1tica para Paletes","isPartOf":{"@id":"https:\/\/maquinas.valgroupco.com\/#website"},"primaryImageOfPage":{"@id":"https:\/\/maquinas.valgroupco.com\/solucoes\/hp88-basic\/#primaryimage"},"image":{"@id":"https:\/\/maquinas.valgroupco.com\/solucoes\/hp88-basic\/#primaryimage"},"thumbnailUrl":"https:\/\/maquinas.valgroupco.com\/wp-content\/uploads\/2025\/03\/gettyimages-1848417745-1024x1024-1.jpg","datePublished":"2025-10-24T16:06:31+00:00","dateModified":"2026-02-13T16:12:25+00:00","description":"A HP88 Basic \u00e9 uma envolvedora semiautom\u00e1tica ideal para substituir a aplica\u00e7\u00e3o manual de filme, garantindo padroniza\u00e7\u00e3o, simplicidade e efici\u00eancia operacional.","breadcrumb":{"@id":"https:\/\/maquinas.valgroupco.com\/solucoes\/hp88-basic\/#breadcrumb"},"inLanguage":"es","potentialAction":[{"@type":"ReadAction","target":["https:\/\/maquinas.valgroupco.com\/solucoes\/hp88-basic\/"]}]},{"@type":"ImageObject","inLanguage":"es","@id":"https:\/\/maquinas.valgroupco.com\/solucoes\/hp88-basic\/#primaryimage","url":"https:\/\/maquinas.valgroupco.com\/wp-content\/uploads\/2025\/03\/gettyimages-1848417745-1024x1024-1.jpg","contentUrl":"https:\/\/maquinas.valgroupco.com\/wp-content\/uploads\/2025\/03\/gettyimages-1848417745-1024x1024-1.jpg","width":2558,"height":1124},{"@type":"BreadcrumbList","@id":"https:\/\/maquinas.valgroupco.com\/solucoes\/hp88-basic\/#breadcrumb","itemListElement":[{"@type":"ListItem","position":1,"name":"Home","item":"https:\/\/maquinas.valgroupco.com\/"},{"@type":"ListItem","position":2,"name":"Solu\u00e7\u00f5es","item":"https:\/\/maquinas.valgroupco.com\/solucoes\/"},{"@type":"ListItem","position":3,"name":"HP88 Basic"}]},{"@type":"WebSite","@id":"https:\/\/maquinas.valgroupco.com\/#website","url":"https:\/\/maquinas.valgroupco.com\/","name":"Valgroup - M\u00e1quinas","description":"Maximizar resultados con automatizaci\u00f3n inteligente.","publisher":{"@id":"https:\/\/maquinas.valgroupco.com\/#organization"},"potentialAction":[{"@type":"SearchAction","target":{"@type":"EntryPoint","urlTemplate":"https:\/\/maquinas.valgroupco.com\/?s={search_term_string}"},"query-input":{"@type":"PropertyValueSpecification","valueRequired":true,"valueName":"search_term_string"}}],"inLanguage":"es"},{"@type":"Organization","@id":"https:\/\/maquinas.valgroupco.com\/#organization","name":"Valgroup - M\u00e1quinas","url":"https:\/\/maquinas.valgroupco.com\/","logo":{"@type":"ImageObject","inLanguage":"es","@id":"https:\/\/maquinas.valgroupco.com\/#\/schema\/logo\/image\/","url":"https:\/\/maquinas.valgroupco.com\/wp-content\/uploads\/2025\/02\/LOGO-VALGROUP-2022-scaled.png","contentUrl":"https:\/\/maquinas.valgroupco.com\/wp-content\/uploads\/2025\/02\/LOGO-VALGROUP-2022-scaled.png","width":2560,"height":831,"caption":"Valgroup - M\u00e1quinas"},"image":{"@id":"https:\/\/maquinas.valgroupco.com\/#\/schema\/logo\/image\/"}}]}},"_links":{"self":[{"href":"https:\/\/maquinas.valgroupco.com\/es\/wp-json\/wp\/v2\/pages\/988654","targetHints":{"allow":["GET"]}}],"collection":[{"href":"https:\/\/maquinas.valgroupco.com\/es\/wp-json\/wp\/v2\/pages"}],"about":[{"href":"https:\/\/maquinas.valgroupco.com\/es\/wp-json\/wp\/v2\/types\/page"}],"author":[{"embeddable":true,"href":"https:\/\/maquinas.valgroupco.com\/es\/wp-json\/wp\/v2\/users\/1"}],"replies":[{"embeddable":true,"href":"https:\/\/maquinas.valgroupco.com\/es\/wp-json\/wp\/v2\/comments?post=988654"}],"version-history":[{"count":70,"href":"https:\/\/maquinas.valgroupco.com\/es\/wp-json\/wp\/v2\/pages\/988654\/revisions"}],"predecessor-version":[{"id":990105,"href":"https:\/\/maquinas.valgroupco.com\/es\/wp-json\/wp\/v2\/pages\/988654\/revisions\/990105"}],"up":[{"embeddable":true,"href":"https:\/\/maquinas.valgroupco.com\/es\/wp-json\/wp\/v2\/pages\/988466"}],"wp:featuredmedia":[{"embeddable":true,"href":"https:\/\/maquinas.valgroupco.com\/es\/wp-json\/wp\/v2\/media\/4396"}],"wp:attachment":[{"href":"https:\/\/maquinas.valgroupco.com\/es\/wp-json\/wp\/v2\/media?parent=988654"}],"curies":[{"name":"wp","href":"https:\/\/api.w.org\/{rel}","templated":true}]}}