{"id":989418,"date":"2025-10-30T19:01:26","date_gmt":"2025-10-30T19:01:26","guid":{"rendered":"https:\/\/valgroupmaquinas.sinnapse.com.br\/?page_id=989418"},"modified":"2026-01-30T17:17:01","modified_gmt":"2026-01-30T17:17:01","slug":"blog","status":"publish","type":"page","link":"https:\/\/maquinas.valgroupco.com\/es\/blog\/","title":{"rendered":"Blog"},"content":{"rendered":"<div data-elementor-type=\"wp-page\" data-elementor-id=\"989418\" class=\"elementor elementor-989418\" data-elementor-post-type=\"page\">\n\t\t\t\t<div class=\"elementor-element elementor-element-24d4a38 e-flex e-con-boxed e-con e-parent\" data-id=\"24d4a38\" data-element_type=\"container\" data-e-type=\"container\">\n\t\t\t\t\t<div class=\"e-con-inner\">\n\t\t\t\t<div class=\"elementor-element elementor-element-18a68e4 elementor-invisible elementor-widget__width-auto animated-fast elementor-widget elementor-widget-heading\" data-id=\"18a68e4\" data-element_type=\"widget\" data-e-type=\"widget\" data-settings=\"{&quot;_animation&quot;:&quot;fadeIn&quot;,&quot;_animation_delay&quot;:50}\" data-widget_type=\"heading.default\">\n\t\t\t\t\t<div class=\"elementor-heading-title elementor-size-default\">blog<\/div>\t\t\t\t<\/div>\n\t\t\t\t<div class=\"elementor-element elementor-element-e223437 elementor-invisible elementor-widget__width-initial animated-fast elementor-widget elementor-widget-heading\" data-id=\"e223437\" data-element_type=\"widget\" data-e-type=\"widget\" data-settings=\"{&quot;_animation&quot;:&quot;fadeIn&quot;}\" data-widget_type=\"heading.default\">\n\t\t\t\t\t<h2 class=\"elementor-heading-title elementor-size-default\">Mant\u00e9ngase actualizado con el universo de<br><span class=\"color-accent-4\">tecnolog\u00eda, innovaci\u00f3n y sostenibilidad<\/span><\/h2>\t\t\t\t<\/div>\n\t\t\t\t\t<\/div>\n\t\t\t\t<\/div>\n\t\t<div class=\"elementor-element elementor-element-441df00 e-flex e-con-boxed e-con e-parent\" data-id=\"441df00\" data-element_type=\"container\" data-e-type=\"container\">\n\t\t\t\t\t<div class=\"e-con-inner\">\n\t\t\t\t<div class=\"elementor-element elementor-element-14a78e7 elementor-widget elementor-widget-shortcode\" data-id=\"14a78e7\" data-element_type=\"widget\" data-e-type=\"widget\" data-widget_type=\"shortcode.default\">\n\t\t\t\t\t\t\t<div class=\"elementor-shortcode\"><div class=\"vgnb-wrap\"><div class=\"vgnb-grid\" data-vgnb=\"1\"><a class=\"vgnb-card\" href=\"https:\/\/www.valgroupco.com\/produtos\/embalagens-para-pet-food\/\" target=\"_blank\" rel=\"noopener\"><div class=\"vgnb-media\"><img loading=\"lazy\" decoding=\"async\" src=\"https:\/\/www.valgroupco.com\/wp-content\/uploads\/2026\/04\/BANNER-BLOG-PETFOOD-1-1024x468.png\" alt=\"Embalagens para pet food: evolu\u00e7\u00e3o do consumo exige desempenho e inova\u00e7\u00e3o na ind\u00fastria\"><\/div><div class=\"vgnb-body\"><div class=\"vgnb-kicker\">PRODUCTOS<\/div><h3 class=\"vgnb-title\">Envases para alimentos para mascotas: la evoluci\u00f3n de los h\u00e1bitos de consumo exige rendimiento e innovaci\u00f3n en el sector.<\/h3><\/div><span class=\"vgnb-cta\" aria-hidden=\"true\"><svg class=\"vgnb-icon\" viewbox=\"0 0 24 24\" width=\"18\" height=\"18\" fill=\"none\" aria-hidden=\"true\">\n            <path d=\"M7 17L17 7\" stroke=\"currentColor\" stroke-width=\"2.2\" stroke-linecap=\"round\"\/>\n            <path d=\"M10 7h7v7\" stroke=\"currentColor\" stroke-width=\"2.2\" stroke-linecap=\"round\" stroke-linejoin=\"round\"\/>\n        <\/svg><\/span><\/a><a class=\"vgnb-card\" href=\"https:\/\/www.valgroupco.com\/grandes-marcas-2\/lindoya-verao-e-valgroup-no-premio-embanews\/\" target=\"_blank\" rel=\"noopener\"><div class=\"vgnb-media\"><img loading=\"lazy\" decoding=\"async\" src=\"https:\/\/www.valgroupco.com\/wp-content\/uploads\/2026\/03\/BANNER-BLOG-LINDOYA-1024x468.png\" alt=\"Lindoya Ver\u00e3o lan\u00e7a embalagem shrink desenvolvida com a Valgroup e premiada no Pr\u00eamio Embanews\"><\/div><div class=\"vgnb-body\"><div class=\"vgnb-kicker\">PRINCIPALES MARCAS<\/div><h3 class=\"vgnb-title\">Lindoya Ver\u00e3o lanza un envase termoencogible desarrollado con Valgroup y premiado en los Embanews Awards.<\/h3><\/div><span class=\"vgnb-cta\" aria-hidden=\"true\"><svg class=\"vgnb-icon\" viewbox=\"0 0 24 24\" width=\"18\" height=\"18\" fill=\"none\" aria-hidden=\"true\">\n            <path d=\"M7 17L17 7\" stroke=\"currentColor\" stroke-width=\"2.2\" stroke-linecap=\"round\"\/>\n            <path d=\"M10 7h7v7\" stroke=\"currentColor\" stroke-width=\"2.2\" stroke-linecap=\"round\" stroke-linejoin=\"round\"\/>\n        <\/svg><\/span><\/a><a class=\"vgnb-card\" href=\"https:\/\/www.valgroupco.com\/produtos\/embalagens-flexiveis-para-alimentos\/\" target=\"_blank\" rel=\"noopener\"><div class=\"vgnb-media\"><img loading=\"lazy\" decoding=\"async\" src=\"https:\/\/www.valgroupco.com\/wp-content\/uploads\/2026\/03\/Banner-Blog-Embalagens-flexiveis-para-alimentos-1024x468.jpg\" alt=\"Embalagens flex\u00edveis para alimentos: tipos, regulamenta\u00e7\u00f5es e aplica\u00e7\u00f5es na ind\u00fastria\"><\/div><div class=\"vgnb-body\"><div class=\"vgnb-kicker\">PRODUCTOS<\/div><h3 class=\"vgnb-title\">Envases flexibles para alimentos: tipos, normativa y aplicaciones en la industria.<\/h3><\/div><span class=\"vgnb-cta\" aria-hidden=\"true\"><svg class=\"vgnb-icon\" viewbox=\"0 0 24 24\" width=\"18\" height=\"18\" fill=\"none\" aria-hidden=\"true\">\n            <path d=\"M7 17L17 7\" stroke=\"currentColor\" stroke-width=\"2.2\" stroke-linecap=\"round\"\/>\n            <path d=\"M10 7h7v7\" stroke=\"currentColor\" stroke-width=\"2.2\" stroke-linecap=\"round\" stroke-linejoin=\"round\"\/>\n        <\/svg><\/span><\/a><a class=\"vgnb-card\" href=\"https:\/\/www.valgroupco.com\/inovacao\/embalagens-para-bebidas-inovacao-sustentabilidade\/\" target=\"_blank\" rel=\"noopener\"><div class=\"vgnb-media\"><img loading=\"lazy\" decoding=\"async\" src=\"https:\/\/www.valgroupco.com\/wp-content\/uploads\/2026\/03\/BANNER-BLOG-BEBIDAS-1024x468.png\" alt=\"Embalagens para bebidas: inova\u00e7\u00e3o, escala e circularidade na ind\u00fastria\"><\/div><div class=\"vgnb-body\"><div class=\"vgnb-kicker\">INNOVACI\u00d3N<\/div><h3 class=\"vgnb-title\">Envases de bebidas: innovaci\u00f3n, escala y circularidad en la industria<\/h3><\/div><span class=\"vgnb-cta\" aria-hidden=\"true\"><svg class=\"vgnb-icon\" viewbox=\"0 0 24 24\" width=\"18\" height=\"18\" fill=\"none\" aria-hidden=\"true\">\n            <path d=\"M7 17L17 7\" stroke=\"currentColor\" stroke-width=\"2.2\" stroke-linecap=\"round\"\/>\n            <path d=\"M10 7h7v7\" stroke=\"currentColor\" stroke-width=\"2.2\" stroke-linecap=\"round\" stroke-linejoin=\"round\"\/>\n        <\/svg><\/span><\/a><a class=\"vgnb-card\" href=\"https:\/\/www.valgroupco.com\/institucional\/embalagens-para-alimentos-inovacao-industria\/\" target=\"_blank\" rel=\"noopener\"><div class=\"vgnb-media\"><img loading=\"lazy\" decoding=\"async\" src=\"https:\/\/www.valgroupco.com\/wp-content\/uploads\/2026\/03\/BANNER-BLOG-ALIMENTOS-1024x468.png\" alt=\"Embalagens para alimentos: quando a prote\u00e7\u00e3o se torna estrat\u00e9gia na ind\u00fastria\"><\/div><div class=\"vgnb-body\"><div class=\"vgnb-kicker\">INSTITUCIONAL<\/div><h3 class=\"vgnb-title\">Envases de alimentos: cuando la protecci\u00f3n se convierte en una estrategia en la industria.<\/h3><\/div><span class=\"vgnb-cta\" aria-hidden=\"true\"><svg class=\"vgnb-icon\" viewbox=\"0 0 24 24\" width=\"18\" height=\"18\" fill=\"none\" aria-hidden=\"true\">\n            <path d=\"M7 17L17 7\" stroke=\"currentColor\" stroke-width=\"2.2\" stroke-linecap=\"round\"\/>\n            <path d=\"M10 7h7v7\" stroke=\"currentColor\" stroke-width=\"2.2\" stroke-linecap=\"round\" stroke-linejoin=\"round\"\/>\n        <\/svg><\/span><\/a><a class=\"vgnb-card\" href=\"https:\/\/www.valgroupco.com\/institucional\/mercado-tissue-brasil\/\" target=\"_blank\" rel=\"noopener\"><div class=\"vgnb-media\"><img loading=\"lazy\" decoding=\"async\" src=\"https:\/\/www.valgroupco.com\/wp-content\/uploads\/2026\/03\/BANNER-BLOG-TISSUE-1024x468.png\" alt=\"Mercado tissue no Brasil cresce e amplia demanda por efici\u00eancia e circularidade na cadeia produtiva\"><\/div><div class=\"vgnb-body\"><div class=\"vgnb-kicker\">INSTITUCIONAL<\/div><h3 class=\"vgnb-title\">El mercado de tissue en Brasil est\u00e1 creciendo y aumenta la demanda de eficiencia y circularidad en la cadena productiva.<\/h3><\/div><span class=\"vgnb-cta\" aria-hidden=\"true\"><svg class=\"vgnb-icon\" viewbox=\"0 0 24 24\" width=\"18\" height=\"18\" fill=\"none\" aria-hidden=\"true\">\n            <path d=\"M7 17L17 7\" stroke=\"currentColor\" stroke-width=\"2.2\" stroke-linecap=\"round\"\/>\n            <path d=\"M10 7h7v7\" stroke=\"currentColor\" stroke-width=\"2.2\" stroke-linecap=\"round\" stroke-linejoin=\"round\"\/>\n        <\/svg><\/span><\/a><a class=\"vgnb-card\" href=\"https:\/\/www.valgroupco.com\/inovacao\/valgroup-reinaugura-ltc-na-unidade-de-lorena-e-reforca-inovacao-colaborativa-no-setor-de-embalagens\/\" target=\"_blank\" rel=\"noopener\"><div class=\"vgnb-media\"><img loading=\"lazy\" decoding=\"async\" src=\"https:\/\/www.valgroupco.com\/wp-content\/uploads\/2026\/02\/BANNER-BLOG-LTC-1024x468.jpg\" alt=\"Valgroup reinaugura LTC na unidade de Lorena e refor\u00e7a inova\u00e7\u00e3o colaborativa no setor de embalagens\"><\/div><div class=\"vgnb-body\"><div class=\"vgnb-kicker\">INNOVACI\u00d3N<\/div><h3 class=\"vgnb-title\">Valgroup reabre LTC en su unidad Lorena y refuerza la innovaci\u00f3n colaborativa en el sector del packaging.<\/h3><\/div><span class=\"vgnb-cta\" aria-hidden=\"true\"><svg class=\"vgnb-icon\" viewbox=\"0 0 24 24\" width=\"18\" height=\"18\" fill=\"none\" aria-hidden=\"true\">\n            <path d=\"M7 17L17 7\" stroke=\"currentColor\" stroke-width=\"2.2\" stroke-linecap=\"round\"\/>\n            <path d=\"M10 7h7v7\" stroke=\"currentColor\" stroke-width=\"2.2\" stroke-linecap=\"round\" stroke-linejoin=\"round\"\/>\n        <\/svg><\/span><\/a><a class=\"vgnb-card\" href=\"https:\/\/www.valgroupco.com\/energia_renovavel\/comerc-energia-e-valgroup-ampliam-parceria-e-viabilizam-100-de-consumo-de-energia-renovavel\/\" target=\"_blank\" rel=\"noopener\"><div class=\"vgnb-media\"><img loading=\"lazy\" decoding=\"async\" src=\"https:\/\/www.valgroupco.com\/wp-content\/uploads\/2026\/01\/BANNER-BLOG-COMERC-1024x468.jpg\" alt=\"Comerc Energia e Valgroup ampliam parceria e viabilizam 100% de consumo de energia renov\u00e1vel\"><\/div><div class=\"vgnb-body\"><div class=\"vgnb-kicker\">ENERG\u00cdA RENOVABLE<\/div><h3 class=\"vgnb-title\">Comerc Energia y Valgroup ampl\u00edan su alianza y posibilitan el consumo de energ\u00eda renovable en 100%.<\/h3><\/div><span class=\"vgnb-cta\" aria-hidden=\"true\"><svg class=\"vgnb-icon\" viewbox=\"0 0 24 24\" width=\"18\" height=\"18\" fill=\"none\" aria-hidden=\"true\">\n            <path d=\"M7 17L17 7\" stroke=\"currentColor\" stroke-width=\"2.2\" stroke-linecap=\"round\"\/>\n            <path d=\"M10 7h7v7\" stroke=\"currentColor\" stroke-width=\"2.2\" stroke-linecap=\"round\" stroke-linejoin=\"round\"\/>\n        <\/svg><\/span><\/a><a class=\"vgnb-card\" href=\"https:\/\/www.valgroupco.com\/produtos\/tampas-valgroup-conheca-o-novo-finish-26mm-gme3040\/\" target=\"_blank\" rel=\"noopener\"><div class=\"vgnb-media\"><img loading=\"lazy\" decoding=\"async\" src=\"https:\/\/www.valgroupco.com\/wp-content\/uploads\/2025\/10\/Nova-tampa_blog-1-1024x468.png\" alt=\"Tampas Valgroup: conhe\u00e7a o novo finish 26mm GME3040\"><\/div><div class=\"vgnb-body\"><div class=\"vgnb-kicker\">INNOVACI\u00d3N<\/div><h3 class=\"vgnb-title\">Tapones Valgroup: descubre el nuevo acabado GME3040 de 26 mm<\/h3><\/div><span class=\"vgnb-cta\" aria-hidden=\"true\"><svg class=\"vgnb-icon\" viewbox=\"0 0 24 24\" width=\"18\" height=\"18\" fill=\"none\" aria-hidden=\"true\">\n            <path d=\"M7 17L17 7\" stroke=\"currentColor\" stroke-width=\"2.2\" stroke-linecap=\"round\"\/>\n            <path d=\"M10 7h7v7\" stroke=\"currentColor\" stroke-width=\"2.2\" stroke-linecap=\"round\" stroke-linejoin=\"round\"\/>\n        <\/svg><\/span><\/a><\/div><\/div>\n<\/div>\n\t\t\t\t\t\t<\/div>\n\t\t\t\t\t<\/div>\n\t\t\t\t<\/div>\n\t\t\t\t<\/div>","protected":false},"excerpt":{"rendered":"<p>blog Fique por dentro do universo detecnologia, inova\u00e7\u00e3o e sustentabilidade<\/p>","protected":false},"author":1,"featured_media":989381,"parent":0,"menu_order":0,"comment_status":"closed","ping_status":"closed","template":"elementor_header_footer","meta":{"footnotes":""},"class_list":["post-989418","page","type-page","status-publish","has-post-thumbnail","hentry"],"yoast_head":"<!-- This site is optimized with the Yoast SEO plugin v26.9 - https:\/\/yoast.com\/product\/yoast-seo-wordpress\/ -->\n<title>Blog Valgroup M\u00e1quinas | Tecnologia, Inova\u00e7\u00e3o e Sustentabilidad<\/title>\n<meta name=\"description\" content=\"Fique por dentro das novidades da Valgroup M\u00e1quinas: tecnologia, inova\u00e7\u00e3o, sustentabilidade, economia circular e solu\u00e7\u00f5es para a ind\u00fastria.\" \/>\n<meta name=\"robots\" content=\"index, follow, max-snippet:-1, max-image-preview:large, max-video-preview:-1\" \/>\n<link rel=\"canonical\" href=\"https:\/\/maquinas.valgroupco.com\/es\/blog\/\" \/>\n<meta property=\"og:locale\" content=\"es_ES\" \/>\n<meta property=\"og:type\" content=\"article\" \/>\n<meta property=\"og:title\" content=\"Blog Valgroup M\u00e1quinas | Tecnologia, Inova\u00e7\u00e3o e Sustentabilidad\" \/>\n<meta property=\"og:description\" content=\"Fique por dentro das novidades da Valgroup M\u00e1quinas: tecnologia, inova\u00e7\u00e3o, sustentabilidade, economia circular e solu\u00e7\u00f5es para a ind\u00fastria.\" \/>\n<meta property=\"og:url\" content=\"https:\/\/maquinas.valgroupco.com\/es\/blog\/\" \/>\n<meta property=\"og:site_name\" content=\"Valgroup - M\u00e1quinas\" \/>\n<meta property=\"article:modified_time\" content=\"2026-01-30T17:17:01+00:00\" \/>\n<meta property=\"og:image\" content=\"https:\/\/maquinas.valgroupco.com\/wp-content\/uploads\/2025\/10\/shutterstock_1899126973-scaled.jpg\" \/>\n\t<meta property=\"og:image:width\" content=\"2560\" \/>\n\t<meta property=\"og:image:height\" content=\"1440\" \/>\n\t<meta property=\"og:image:type\" content=\"image\/jpeg\" \/>\n<meta name=\"twitter:card\" content=\"summary_large_image\" \/>\n<meta name=\"twitter:label1\" content=\"Tiempo de lectura\" \/>\n\t<meta name=\"twitter:data1\" content=\"1 minuto\" \/>\n<script type=\"application\/ld+json\" class=\"yoast-schema-graph\">{\"@context\":\"https:\/\/schema.org\",\"@graph\":[{\"@type\":\"WebPage\",\"@id\":\"https:\/\/maquinas.valgroupco.com\/blog\/\",\"url\":\"https:\/\/maquinas.valgroupco.com\/blog\/\",\"name\":\"Blog Valgroup M\u00e1quinas | Tecnologia, Inova\u00e7\u00e3o e Sustentabilidad\",\"isPartOf\":{\"@id\":\"https:\/\/maquinas.valgroupco.com\/#website\"},\"primaryImageOfPage\":{\"@id\":\"https:\/\/maquinas.valgroupco.com\/blog\/#primaryimage\"},\"image\":{\"@id\":\"https:\/\/maquinas.valgroupco.com\/blog\/#primaryimage\"},\"thumbnailUrl\":\"https:\/\/maquinas.valgroupco.com\/wp-content\/uploads\/2025\/10\/shutterstock_1899126973-scaled.jpg\",\"datePublished\":\"2025-10-30T19:01:26+00:00\",\"dateModified\":\"2026-01-30T17:17:01+00:00\",\"description\":\"Fique por dentro das novidades da Valgroup M\u00e1quinas: tecnologia, inova\u00e7\u00e3o, sustentabilidade, economia circular e solu\u00e7\u00f5es para a ind\u00fastria.\",\"breadcrumb\":{\"@id\":\"https:\/\/maquinas.valgroupco.com\/blog\/#breadcrumb\"},\"inLanguage\":\"es\",\"potentialAction\":[{\"@type\":\"ReadAction\",\"target\":[\"https:\/\/maquinas.valgroupco.com\/blog\/\"]}]},{\"@type\":\"ImageObject\",\"inLanguage\":\"es\",\"@id\":\"https:\/\/maquinas.valgroupco.com\/blog\/#primaryimage\",\"url\":\"https:\/\/maquinas.valgroupco.com\/wp-content\/uploads\/2025\/10\/shutterstock_1899126973-scaled.jpg\",\"contentUrl\":\"https:\/\/maquinas.valgroupco.com\/wp-content\/uploads\/2025\/10\/shutterstock_1899126973-scaled.jpg\",\"width\":2560,\"height\":1440},{\"@type\":\"BreadcrumbList\",\"@id\":\"https:\/\/maquinas.valgroupco.com\/blog\/#breadcrumb\",\"itemListElement\":[{\"@type\":\"ListItem\",\"position\":1,\"name\":\"Home\",\"item\":\"https:\/\/maquinas.valgroupco.com\/\"},{\"@type\":\"ListItem\",\"position\":2,\"name\":\"Blog\"}]},{\"@type\":\"WebSite\",\"@id\":\"https:\/\/maquinas.valgroupco.com\/#website\",\"url\":\"https:\/\/maquinas.valgroupco.com\/\",\"name\":\"Valgroup - M\u00e1quinas\",\"description\":\"Maximizando resultados com automa\u00e7\u00f5es inteligentes\",\"publisher\":{\"@id\":\"https:\/\/maquinas.valgroupco.com\/#organization\"},\"potentialAction\":[{\"@type\":\"SearchAction\",\"target\":{\"@type\":\"EntryPoint\",\"urlTemplate\":\"https:\/\/maquinas.valgroupco.com\/?s={search_term_string}\"},\"query-input\":{\"@type\":\"PropertyValueSpecification\",\"valueRequired\":true,\"valueName\":\"search_term_string\"}}],\"inLanguage\":\"es\"},{\"@type\":\"Organization\",\"@id\":\"https:\/\/maquinas.valgroupco.com\/#organization\",\"name\":\"Valgroup - M\u00e1quinas\",\"url\":\"https:\/\/maquinas.valgroupco.com\/\",\"logo\":{\"@type\":\"ImageObject\",\"inLanguage\":\"es\",\"@id\":\"https:\/\/maquinas.valgroupco.com\/#\/schema\/logo\/image\/\",\"url\":\"https:\/\/maquinas.valgroupco.com\/wp-content\/uploads\/2025\/02\/LOGO-VALGROUP-2022-scaled.png\",\"contentUrl\":\"https:\/\/maquinas.valgroupco.com\/wp-content\/uploads\/2025\/02\/LOGO-VALGROUP-2022-scaled.png\",\"width\":2560,\"height\":831,\"caption\":\"Valgroup - M\u00e1quinas\"},\"image\":{\"@id\":\"https:\/\/maquinas.valgroupco.com\/#\/schema\/logo\/image\/\"}}]}<\/script>\n<!-- \/ Yoast SEO plugin. -->","yoast_head_json":{"title":"Blog Valgroup M\u00e1quinas | Tecnologia, Inova\u00e7\u00e3o e Sustentabilidad","description":"Fique por dentro das novidades da Valgroup M\u00e1quinas: tecnologia, inova\u00e7\u00e3o, sustentabilidade, economia circular e solu\u00e7\u00f5es para a ind\u00fastria.","robots":{"index":"index","follow":"follow","max-snippet":"max-snippet:-1","max-image-preview":"max-image-preview:large","max-video-preview":"max-video-preview:-1"},"canonical":"https:\/\/maquinas.valgroupco.com\/es\/blog\/","og_locale":"es_ES","og_type":"article","og_title":"Blog Valgroup M\u00e1quinas | Tecnologia, Inova\u00e7\u00e3o e Sustentabilidad","og_description":"Fique por dentro das novidades da Valgroup M\u00e1quinas: tecnologia, inova\u00e7\u00e3o, sustentabilidade, economia circular e solu\u00e7\u00f5es para a ind\u00fastria.","og_url":"https:\/\/maquinas.valgroupco.com\/es\/blog\/","og_site_name":"Valgroup - M\u00e1quinas","article_modified_time":"2026-01-30T17:17:01+00:00","og_image":[{"width":2560,"height":1440,"url":"https:\/\/maquinas.valgroupco.com\/wp-content\/uploads\/2025\/10\/shutterstock_1899126973-scaled.jpg","type":"image\/jpeg"}],"twitter_card":"summary_large_image","twitter_misc":{"Tiempo de lectura":"1 minuto"},"schema":{"@context":"https:\/\/schema.org","@graph":[{"@type":"WebPage","@id":"https:\/\/maquinas.valgroupco.com\/blog\/","url":"https:\/\/maquinas.valgroupco.com\/blog\/","name":"Blog Valgroup M\u00e1quinas | Tecnologia, Inova\u00e7\u00e3o e Sustentabilidad","isPartOf":{"@id":"https:\/\/maquinas.valgroupco.com\/#website"},"primaryImageOfPage":{"@id":"https:\/\/maquinas.valgroupco.com\/blog\/#primaryimage"},"image":{"@id":"https:\/\/maquinas.valgroupco.com\/blog\/#primaryimage"},"thumbnailUrl":"https:\/\/maquinas.valgroupco.com\/wp-content\/uploads\/2025\/10\/shutterstock_1899126973-scaled.jpg","datePublished":"2025-10-30T19:01:26+00:00","dateModified":"2026-01-30T17:17:01+00:00","description":"Fique por dentro das novidades da Valgroup M\u00e1quinas: tecnologia, inova\u00e7\u00e3o, sustentabilidade, economia circular e solu\u00e7\u00f5es para a ind\u00fastria.","breadcrumb":{"@id":"https:\/\/maquinas.valgroupco.com\/blog\/#breadcrumb"},"inLanguage":"es","potentialAction":[{"@type":"ReadAction","target":["https:\/\/maquinas.valgroupco.com\/blog\/"]}]},{"@type":"ImageObject","inLanguage":"es","@id":"https:\/\/maquinas.valgroupco.com\/blog\/#primaryimage","url":"https:\/\/maquinas.valgroupco.com\/wp-content\/uploads\/2025\/10\/shutterstock_1899126973-scaled.jpg","contentUrl":"https:\/\/maquinas.valgroupco.com\/wp-content\/uploads\/2025\/10\/shutterstock_1899126973-scaled.jpg","width":2560,"height":1440},{"@type":"BreadcrumbList","@id":"https:\/\/maquinas.valgroupco.com\/blog\/#breadcrumb","itemListElement":[{"@type":"ListItem","position":1,"name":"Home","item":"https:\/\/maquinas.valgroupco.com\/"},{"@type":"ListItem","position":2,"name":"Blog"}]},{"@type":"WebSite","@id":"https:\/\/maquinas.valgroupco.com\/#website","url":"https:\/\/maquinas.valgroupco.com\/","name":"Valgroup - M\u00e1quinas","description":"Maximizar resultados con automatizaci\u00f3n inteligente.","publisher":{"@id":"https:\/\/maquinas.valgroupco.com\/#organization"},"potentialAction":[{"@type":"SearchAction","target":{"@type":"EntryPoint","urlTemplate":"https:\/\/maquinas.valgroupco.com\/?s={search_term_string}"},"query-input":{"@type":"PropertyValueSpecification","valueRequired":true,"valueName":"search_term_string"}}],"inLanguage":"es"},{"@type":"Organization","@id":"https:\/\/maquinas.valgroupco.com\/#organization","name":"Valgroup - M\u00e1quinas","url":"https:\/\/maquinas.valgroupco.com\/","logo":{"@type":"ImageObject","inLanguage":"es","@id":"https:\/\/maquinas.valgroupco.com\/#\/schema\/logo\/image\/","url":"https:\/\/maquinas.valgroupco.com\/wp-content\/uploads\/2025\/02\/LOGO-VALGROUP-2022-scaled.png","contentUrl":"https:\/\/maquinas.valgroupco.com\/wp-content\/uploads\/2025\/02\/LOGO-VALGROUP-2022-scaled.png","width":2560,"height":831,"caption":"Valgroup - M\u00e1quinas"},"image":{"@id":"https:\/\/maquinas.valgroupco.com\/#\/schema\/logo\/image\/"}}]}},"_links":{"self":[{"href":"https:\/\/maquinas.valgroupco.com\/es\/wp-json\/wp\/v2\/pages\/989418","targetHints":{"allow":["GET"]}}],"collection":[{"href":"https:\/\/maquinas.valgroupco.com\/es\/wp-json\/wp\/v2\/pages"}],"about":[{"href":"https:\/\/maquinas.valgroupco.com\/es\/wp-json\/wp\/v2\/types\/page"}],"author":[{"embeddable":true,"href":"https:\/\/maquinas.valgroupco.com\/es\/wp-json\/wp\/v2\/users\/1"}],"replies":[{"embeddable":true,"href":"https:\/\/maquinas.valgroupco.com\/es\/wp-json\/wp\/v2\/comments?post=989418"}],"version-history":[{"count":16,"href":"https:\/\/maquinas.valgroupco.com\/es\/wp-json\/wp\/v2\/pages\/989418\/revisions"}],"predecessor-version":[{"id":989893,"href":"https:\/\/maquinas.valgroupco.com\/es\/wp-json\/wp\/v2\/pages\/989418\/revisions\/989893"}],"wp:featuredmedia":[{"embeddable":true,"href":"https:\/\/maquinas.valgroupco.com\/es\/wp-json\/wp\/v2\/media\/989381"}],"wp:attachment":[{"href":"https:\/\/maquinas.valgroupco.com\/es\/wp-json\/wp\/v2\/media?parent=989418"}],"curies":[{"name":"wp","href":"https:\/\/api.w.org\/{rel}","templated":true}]}}